{"id":9395,"date":"2024-06-24T19:31:05","date_gmt":"2024-06-24T19:31:05","guid":{"rendered":"https:\/\/versatilpublicidad.com\/vpvsite\/?page_id=9395"},"modified":"2024-08-23T19:27:28","modified_gmt":"2024-08-23T19:27:28","slug":"quienes-somos","status":"publish","type":"page","link":"https:\/\/versatilpublicidad.com\/vpvsite\/quienes-somos\/","title":{"rendered":"Quienes Somos"},"content":{"rendered":"\t\t<div data-elementor-type=\"wp-page\" data-elementor-id=\"9395\" class=\"elementor elementor-9395\">\n\t\t\t\t\t\t<section class=\"elementor-section elementor-top-section elementor-element elementor-element-9cab756 elementor-section-full_width elementor-section-stretched elementor-section-height-default elementor-section-height-default\" data-id=\"9cab756\" data-element_type=\"section\" data-e-type=\"section\" data-settings=\"{&quot;stretch_section&quot;:&quot;section-stretched&quot;,&quot;background_background&quot;:&quot;classic&quot;}\">\n\t\t\t\t\t\t<div class=\"elementor-container elementor-column-gap-default\">\n\t\t\t\t\t<div class=\"elementor-column elementor-col-100 elementor-top-column elementor-element elementor-element-40396cb\" data-id=\"40396cb\" data-element_type=\"column\" data-e-type=\"column\">\n\t\t\t<div class=\"elementor-widget-wrap elementor-element-populated\">\n\t\t\t\t\t\t<section class=\"elementor-section elementor-inner-section elementor-element elementor-element-fe38e24 elementor-section-boxed elementor-section-height-default elementor-section-height-default\" data-id=\"fe38e24\" data-element_type=\"section\" data-e-type=\"section\">\n\t\t\t\t\t\t<div class=\"elementor-container elementor-column-gap-default\">\n\t\t\t\t\t<div class=\"elementor-column elementor-col-100 elementor-inner-column elementor-element elementor-element-8c438e6\" data-id=\"8c438e6\" data-element_type=\"column\" data-e-type=\"column\">\n\t\t\t<div class=\"elementor-widget-wrap elementor-element-populated\">\n\t\t\t\t\t\t<div class=\"elementor-element elementor-element-d0a8614 elementor-widget elementor-widget-heading\" data-id=\"d0a8614\" data-element_type=\"widget\" data-e-type=\"widget\" data-widget_type=\"heading.default\">\n\t\t\t\t<div class=\"elementor-widget-container\">\n\t\t\t\t\t<h2 class=\"elementor-heading-title elementor-size-default\">Quienes somos<\/h2>\t\t\t\t<\/div>\n\t\t\t\t<\/div>\n\t\t\t\t<div class=\"elementor-element elementor-element-0a74fea elementor-widget elementor-widget-text-editor\" data-id=\"0a74fea\" data-element_type=\"widget\" data-e-type=\"widget\" data-widget_type=\"text-editor.default\">\n\t\t\t\t<div class=\"elementor-widget-container\">\n\t\t\t\t\t\t\t\t\t<p>\u00a1Te damos la bienvenida a VPV, donde no nos limitamos a ser una simple empresa; nos convertimos en tu socio estrat\u00e9gico, \u00a1adapt\u00e1ndonos al ritmo de tus necesidades!<\/p>\t\t\t\t\t\t\t\t<\/div>\n\t\t\t\t<\/div>\n\t\t\t\t\t<\/div>\n\t\t<\/div>\n\t\t\t\t\t<\/div>\n\t\t<\/section>\n\t\t\t\t\t<\/div>\n\t\t<\/div>\n\t\t\t\t\t<\/div>\n\t\t<\/section>\n\t\t\t\t<section class=\"elementor-section elementor-top-section elementor-element elementor-element-581ff70 elementor-section-full_width elementor-section-stretched elementor-section-height-default elementor-section-height-default\" data-id=\"581ff70\" data-element_type=\"section\" data-e-type=\"section\" data-settings=\"{&quot;stretch_section&quot;:&quot;section-stretched&quot;,&quot;background_background&quot;:&quot;classic&quot;}\">\n\t\t\t\t\t\t<div class=\"elementor-container elementor-column-gap-default\">\n\t\t\t\t\t<div class=\"elementor-column elementor-col-100 elementor-top-column elementor-element elementor-element-8701c22\" data-id=\"8701c22\" data-element_type=\"column\" data-e-type=\"column\">\n\t\t\t<div class=\"elementor-widget-wrap elementor-element-populated\">\n\t\t\t\t\t\t<section class=\"elementor-section elementor-inner-section elementor-element elementor-element-72ba3e6 elementor-section-boxed elementor-section-height-default elementor-section-height-default\" data-id=\"72ba3e6\" data-element_type=\"section\" data-e-type=\"section\">\n\t\t\t\t\t\t<div class=\"elementor-container elementor-column-gap-default\">\n\t\t\t\t\t<div class=\"elementor-column elementor-col-50 elementor-inner-column elementor-element elementor-element-ae13f18\" data-id=\"ae13f18\" data-element_type=\"column\" data-e-type=\"column\">\n\t\t\t<div class=\"elementor-widget-wrap elementor-element-populated\">\n\t\t\t\t\t\t<div class=\"elementor-element elementor-element-5812ab8 elementor-widget elementor-widget-text-editor\" data-id=\"5812ab8\" data-element_type=\"widget\" data-e-type=\"widget\" data-widget_type=\"text-editor.default\">\n\t\t\t\t<div class=\"elementor-widget-container\">\n\t\t\t\t\t\t\t\t\t<p><strong>Nos comprometemos a satisfacer tus expectativas sin intermediarios, lo que nos permite ofrecerte soluciones directas y eficientes para convertir tus ideas en proyectos rentables.<\/strong><\/p><p>Nuestra filosof\u00eda se basa en asegurar que nuestros clientes siempre obtengan respuestas efectivas y soluciones r\u00e1pidas. Creemos firmemente que su \u00e9xito es nuestro \u00e9xito. Por eso, no solo recibimos tus ideas, las potenciamos y las llevamos al siguiente nivel.<\/p>\t\t\t\t\t\t\t\t<\/div>\n\t\t\t\t<\/div>\n\t\t\t\t\t<\/div>\n\t\t<\/div>\n\t\t\t\t<div class=\"elementor-column elementor-col-50 elementor-inner-column elementor-element elementor-element-99cc5cd\" data-id=\"99cc5cd\" data-element_type=\"column\" data-e-type=\"column\">\n\t\t\t<div class=\"elementor-widget-wrap elementor-element-populated\">\n\t\t\t\t\t\t<div class=\"elementor-element elementor-element-c52a5e1 elementor-widget elementor-widget-text-editor\" data-id=\"c52a5e1\" data-element_type=\"widget\" data-e-type=\"widget\" data-widget_type=\"text-editor.default\">\n\t\t\t\t<div class=\"elementor-widget-container\">\n\t\t\t\t\t\t\t\t\t<p>Somos la mejor opci\u00f3n, trabajando exclusivamente con los mejores profesionales para convertir lo ordinario en extraordinario.<\/p>\t\t\t\t\t\t\t\t<\/div>\n\t\t\t\t<\/div>\n\t\t\t\t\t<\/div>\n\t\t<\/div>\n\t\t\t\t\t<\/div>\n\t\t<\/section>\n\t\t\t\t\t<\/div>\n\t\t<\/div>\n\t\t\t\t\t<\/div>\n\t\t<\/section>\n\t\t\t\t<section class=\"elementor-section elementor-top-section elementor-element elementor-element-fdef315 elementor-section-full_width elementor-section-stretched elementor-section-height-default elementor-section-height-default\" data-id=\"fdef315\" data-element_type=\"section\" data-e-type=\"section\" data-settings=\"{&quot;stretch_section&quot;:&quot;section-stretched&quot;,&quot;background_background&quot;:&quot;classic&quot;}\">\n\t\t\t\t\t\t<div class=\"elementor-container elementor-column-gap-default\">\n\t\t\t\t\t<div class=\"elementor-column elementor-col-100 elementor-top-column elementor-element elementor-element-3425a45\" data-id=\"3425a45\" data-element_type=\"column\" data-e-type=\"column\">\n\t\t\t<div class=\"elementor-widget-wrap elementor-element-populated\">\n\t\t\t\t\t\t<section class=\"elementor-section elementor-inner-section elementor-element elementor-element-f55dda7 elementor-section-boxed elementor-section-height-default elementor-section-height-default\" data-id=\"f55dda7\" data-element_type=\"section\" data-e-type=\"section\">\n\t\t\t\t\t\t<div class=\"elementor-container elementor-column-gap-default\">\n\t\t\t\t\t<div class=\"elementor-column elementor-col-50 elementor-inner-column elementor-element elementor-element-3c0d9ed\" data-id=\"3c0d9ed\" data-element_type=\"column\" data-e-type=\"column\">\n\t\t\t<div class=\"elementor-widget-wrap elementor-element-populated\">\n\t\t\t\t\t\t<div class=\"elementor-element elementor-element-d7f0be9 elementor-widget__width-initial elementor-widget elementor-widget-heading\" data-id=\"d7f0be9\" data-element_type=\"widget\" data-e-type=\"widget\" data-widget_type=\"heading.default\">\n\t\t\t\t<div class=\"elementor-widget-container\">\n\t\t\t\t\t<h2 class=\"elementor-heading-title elementor-size-default\">Eleva tu marca de lo ordinario a lo extraordinario<\/h2>\t\t\t\t<\/div>\n\t\t\t\t<\/div>\n\t\t\t\t<div class=\"elementor-element elementor-element-37d7e1b elementor-align-center elementor-hidden-mobile elementor-widget__width-initial elementor-widget elementor-widget-button\" data-id=\"37d7e1b\" data-element_type=\"widget\" data-e-type=\"widget\" data-widget_type=\"button.default\">\n\t\t\t\t<div class=\"elementor-widget-container\">\n\t\t\t\t\t\t\t\t\t<div class=\"elementor-button-wrapper\">\n\t\t\t\t\t<a class=\"elementor-button elementor-button-link elementor-size-sm\" href=\"https:\/\/versatilpublicidad.com\/vpvsite\/vpvsite\/contacto\/\">\n\t\t\t\t\t\t<span class=\"elementor-button-content-wrapper\">\n\t\t\t\t\t\t\t\t\t<span class=\"elementor-button-text\">\u00bfEmpezamos?<\/span>\n\t\t\t\t\t<\/span>\n\t\t\t\t\t<\/a>\n\t\t\t\t<\/div>\n\t\t\t\t\t\t\t\t<\/div>\n\t\t\t\t<\/div>\n\t\t\t\t<div class=\"elementor-element elementor-element-06f20bc elementor-widget__width-initial elementor-widget elementor-widget-text-editor\" data-id=\"06f20bc\" data-element_type=\"widget\" data-e-type=\"widget\" data-widget_type=\"text-editor.default\">\n\t\t\t\t<div class=\"elementor-widget-container\">\n\t\t\t\t\t\t\t\t\t<p>Agenda ahora tu primer contacto y descubre c\u00f3mo simplificamos tu proyecto, haci\u00e9ndolo m\u00e1s f\u00e1cil y accesible. <br \/>Nuestro equipo de profesionales de \u00e9lite har\u00e1 destacar tu marca frente a la competencia.<\/p>\t\t\t\t\t\t\t\t<\/div>\n\t\t\t\t<\/div>\n\t\t\t\t\t<\/div>\n\t\t<\/div>\n\t\t\t\t<div class=\"elementor-column elementor-col-50 elementor-inner-column elementor-element elementor-element-4fca9af\" data-id=\"4fca9af\" data-element_type=\"column\" data-e-type=\"column\">\n\t\t\t<div class=\"elementor-widget-wrap\">\n\t\t\t\t\t\t\t<\/div>\n\t\t<\/div>\n\t\t\t\t\t<\/div>\n\t\t<\/section>\n\t\t\t\t\t<\/div>\n\t\t<\/div>\n\t\t\t\t\t<\/div>\n\t\t<\/section>\n\t\t\t\t<\/div>\n\t\t","protected":false},"excerpt":{"rendered":"<p>Quienes somos \u00a1Te damos la bienvenida a VPV, donde no nos limitamos a ser una simple empresa; nos convertimos en tu socio estrat\u00e9gico, \u00a1adapt\u00e1ndonos al ritmo de tus necesidades! Nos comprometemos a satisfacer tus expectativas sin intermediarios, lo que nos permite ofrecerte soluciones directas y eficientes para convertir tus ideas en proyectos rentables. Nuestra filosof\u00eda&#8230;<\/p>\n","protected":false},"author":1,"featured_media":0,"parent":0,"menu_order":0,"comment_status":"closed","ping_status":"closed","template":"elementor_header_footer","meta":{"footnotes":""},"class_list":["post-9395","page","type-page","status-publish","hentry"],"_links":{"self":[{"href":"https:\/\/versatilpublicidad.com\/vpvsite\/wp-json\/wp\/v2\/pages\/9395","targetHints":{"allow":["GET"]}}],"collection":[{"href":"https:\/\/versatilpublicidad.com\/vpvsite\/wp-json\/wp\/v2\/pages"}],"about":[{"href":"https:\/\/versatilpublicidad.com\/vpvsite\/wp-json\/wp\/v2\/types\/page"}],"author":[{"embeddable":true,"href":"https:\/\/versatilpublicidad.com\/vpvsite\/wp-json\/wp\/v2\/users\/1"}],"replies":[{"embeddable":true,"href":"https:\/\/versatilpublicidad.com\/vpvsite\/wp-json\/wp\/v2\/comments?post=9395"}],"version-history":[{"count":22,"href":"https:\/\/versatilpublicidad.com\/vpvsite\/wp-json\/wp\/v2\/pages\/9395\/revisions"}],"predecessor-version":[{"id":9780,"href":"https:\/\/versatilpublicidad.com\/vpvsite\/wp-json\/wp\/v2\/pages\/9395\/revisions\/9780"}],"wp:attachment":[{"href":"https:\/\/versatilpublicidad.com\/vpvsite\/wp-json\/wp\/v2\/media?parent=9395"}],"curies":[{"name":"wp","href":"https:\/\/api.w.org\/{rel}","templated":true}]}}