{"id":9320,"date":"2024-06-14T18:12:40","date_gmt":"2024-06-14T18:12:40","guid":{"rendered":"https:\/\/versatilpublicidad.com\/vpvsite\/?page_id=9320"},"modified":"2024-06-14T18:12:58","modified_gmt":"2024-06-14T18:12:58","slug":"aviso-de-privacidad","status":"publish","type":"page","link":"https:\/\/versatilpublicidad.com\/vpvsite\/aviso-de-privacidad\/","title":{"rendered":"Aviso de Privacidad"},"content":{"rendered":"\n<pre class=\"wp-block-preformatted\">Vers\u00e1til Publicidad Visual S.A. de C.V.\nPerif\u00e9rico Sur No. 5312 Col. Los Artesanos Tlaquepaque, Jalisco, M\u00e9xico C.P 45590\n\nDe conformidad con lo dispuesto en la Ley Federal de Protecci\u00f3n de Datos Personales en Posesi\u00f3n de los Particulares y en su Reglamento, hace de su conocimiento que es responsable de recabar sus datos personales, del uso que se les d\u00e9 a los mismos y de su protecci\u00f3n. Su informaci\u00f3n personal ser\u00e1 utilizada para proveerle informaci\u00f3n de los servicios que nos ha solicitado, informarle sobre condiciones y cambios en los mismos y evaluar la calidad del servicio que le prestamos.\n\nPara las finalidades antes mencionadas requerimos obtener sus siguientes datos personales:\n\nNombre completo\nEmpresa\nTel\u00e9fono\nCorreo Electr\u00f3nico\nTratamiento de sus Datos Personales:\nRecabamos sus datos personales para los efectos mencionados en presente Aviso de Privacidad. En este sentido, hacemos de su conocimiento que sus datos personales ser\u00e1n tratados y resguardados con base en los principios de licitud, calidad, consentimiento, informaci\u00f3n, finalidad, lealtad, proporcionalidad y responsabilidad, consagrados en la Ley Federal de Protecci\u00f3n de Datos Personales en Posesi\u00f3n de Particulares y su Reglamento.\n\nFinalidad en el tratamiento de sus datos personales:\nRecopilamos sus datos personales, por lo que solicitamos su consentimiento a trav\u00e9s del presente Aviso de Privacidad con el objeto de utilizarlos para los siguientes fines:\n\nPara poder realizar los servicios de publicidad visual que nos ha confiado\nIdentificarlo como cliente y prestarle los servicios contratados con nosotros\nPara contactarlo y enviarle informaci\u00f3n relevante respecto de temas de nuestros servicios.\nMedios para limitar el uso o divulgaci\u00f3n de sus datos personales:\nHacemos de su conocimiento que sus datos personales ser\u00e1n resguardados bajo estrictas medidas de seguridad administrativas, t\u00e9cnicas y f\u00edsicas las cuales han sido implementadas con el objeto de proteger sus datos personales contra da\u00f1o, p\u00e9rdida, alteraci\u00f3n, destrucci\u00f3n o el uso, acceso o tratamiento no autorizados.\n\nMedios para el ejercicio de sus derechos como titular de los datos personales:\nComo titular de los datos personales objeto del presente Aviso de Privacidad usted podr\u00e1 ejercitar sus derechos de acceso, rectificaci\u00f3n, cancelaci\u00f3n u oposici\u00f3n (Derechos ARCO), mismos que se consagran en la Ley Federal de Protecci\u00f3n de Datos Personales en Posesi\u00f3n de los Particulares y en su Reglamento.  As\u00ed mismo podr\u00e1 revocar el consentimiento otorgado para el uso de sus datos personales.\n\nEn cualquiera de estos supuestos, puede realizar su solicitud mediante el env\u00edo de un correo electr\u00f3nico a la direcci\u00f3n contacto@versatilpublicidad.com, o personalmente en nuestro domicilio arriba citado, poni\u00e9ndose en contacto con nuestro departamento de datos personales, con el Lic. Carlos Guti\u00e9rrez Mariscal, en el tel\u00e9fono (33) 3606 1520 o visitar nuestra p\u00e1gina de internet http:\/\/www.versatilpublicidad.com\n\nCon la finalidad de poder atender su solicitud, \u00e9sta deber\u00e1 satisfacer todos los requisitos estipulados en la Ley Federal de Protecci\u00f3n de Datos Personales en Posesi\u00f3n de los particulares y en su Reglamento.\n\nCambios al presente Aviso de Privacidad:\nEl presente Aviso de Privacidad podr\u00e1 ser modificado en el futuro. En todo caso, cualquier modificaci\u00f3n al mismo se har\u00e1 de su conocimiento mediante el env\u00edo de un correo electr\u00f3nico a la cuenta que usted nos proporcion\u00f3 inicialmente para hacer de su conocimiento el presente Aviso de Privacidad y\/o mediante la publicaci\u00f3n del mismo en la siguiente p\u00e1gina web: http:\/\/www.versatilpublicidad.com.\n\nLe informamos que sus datos personales pueden ser transferidos y tratados dentro y fuera del pa\u00eds por personas distintas a Vers\u00e1til Publicidad Visual, si nuestros servicios se realizan en un domicilio fuera de la Rep\u00fablica Mexicana.\n\nSi usted no manifiesta su oposici\u00f3n para que sus datos personales sean transferidos, se entender\u00e1 que ha otorgado su consentimiento para ello.\n\nSi usted desea dejar de recibir mensajes promocionales de nuestra parte puede solicitarlo en nuestro departamento de datos personales, en el tel\u00e9fono (33) 3606 1520 o correo electr\u00f3nico contacto@versatilpublicidad.com o visitar nuestra p\u00e1gina de internet http:\/\/www.versatilpublicidad.com, tambi\u00e9n en esta p\u00e1gina podr\u00e1 consultar cualquier modificaci\u00f3n a su Aviso de Privacidad.\n\nNo seremos responsables en caso de que usted no reciba la referida notificaci\u00f3n de cambio en el Aviso de Privacidad por causa de alg\u00fan problema con su cuenta de correo electr\u00f3nico o de transmisi\u00f3n de datos por internet. Sin embargo, por su seguridad, el Aviso de Privacidad vigente estar\u00e1 disponible en todo momento en la p\u00e1gina web antes se\u00f1alada.\n\nFecha de \u00faltima actualizaci\u00f3n 1 de abril de 2024.<\/pre>\n","protected":false},"excerpt":{"rendered":"<p>Vers\u00e1til Publicidad Visual S.A. de C.V. Perif\u00e9rico Sur No. 5312 Col. Los Artesanos Tlaquepaque, Jalisco, M\u00e9xico C.P 45590 De conformidad con lo dispuesto en la Ley Federal de Protecci\u00f3n de Datos Personales en Posesi\u00f3n de los Particulares y en su Reglamento, hace de su conocimiento que es responsable de recabar sus datos personales, del uso&#8230;<\/p>\n","protected":false},"author":1,"featured_media":0,"parent":0,"menu_order":0,"comment_status":"closed","ping_status":"closed","template":"","meta":{"footnotes":""},"class_list":["post-9320","page","type-page","status-publish","hentry"],"_links":{"self":[{"href":"https:\/\/versatilpublicidad.com\/vpvsite\/wp-json\/wp\/v2\/pages\/9320","targetHints":{"allow":["GET"]}}],"collection":[{"href":"https:\/\/versatilpublicidad.com\/vpvsite\/wp-json\/wp\/v2\/pages"}],"about":[{"href":"https:\/\/versatilpublicidad.com\/vpvsite\/wp-json\/wp\/v2\/types\/page"}],"author":[{"embeddable":true,"href":"https:\/\/versatilpublicidad.com\/vpvsite\/wp-json\/wp\/v2\/users\/1"}],"replies":[{"embeddable":true,"href":"https:\/\/versatilpublicidad.com\/vpvsite\/wp-json\/wp\/v2\/comments?post=9320"}],"version-history":[{"count":2,"href":"https:\/\/versatilpublicidad.com\/vpvsite\/wp-json\/wp\/v2\/pages\/9320\/revisions"}],"predecessor-version":[{"id":9322,"href":"https:\/\/versatilpublicidad.com\/vpvsite\/wp-json\/wp\/v2\/pages\/9320\/revisions\/9322"}],"wp:attachment":[{"href":"https:\/\/versatilpublicidad.com\/vpvsite\/wp-json\/wp\/v2\/media?parent=9320"}],"curies":[{"name":"wp","href":"https:\/\/api.w.org\/{rel}","templated":true}]}}