{"id":8876,"date":"2024-06-06T17:16:16","date_gmt":"2024-06-06T17:16:16","guid":{"rendered":"https:\/\/versatilpublicidad.com\/vpvsite\/?page_id=8876"},"modified":"2024-09-13T22:32:28","modified_gmt":"2024-09-13T22:32:28","slug":"servicios","status":"publish","type":"page","link":"https:\/\/versatilpublicidad.com\/vpvsite\/servicios\/","title":{"rendered":"Servicios"},"content":{"rendered":"\t\t<div data-elementor-type=\"wp-page\" data-elementor-id=\"8876\" class=\"elementor elementor-8876\">\n\t\t\t\t\t\t<section class=\"elementor-section elementor-top-section elementor-element elementor-element-364af05 elementor-section-full_width elementor-section-stretched elementor-section-height-default elementor-section-height-default\" data-id=\"364af05\" data-element_type=\"section\" data-e-type=\"section\" data-settings=\"{&quot;stretch_section&quot;:&quot;section-stretched&quot;,&quot;background_background&quot;:&quot;classic&quot;}\">\n\t\t\t\t\t\t<div class=\"elementor-container elementor-column-gap-default\">\n\t\t\t\t\t<div class=\"elementor-column elementor-col-100 elementor-top-column elementor-element elementor-element-da773a7\" data-id=\"da773a7\" data-element_type=\"column\" data-e-type=\"column\">\n\t\t\t<div class=\"elementor-widget-wrap elementor-element-populated\">\n\t\t\t\t\t\t<section class=\"elementor-section elementor-inner-section elementor-element elementor-element-49f5534 elementor-section-boxed elementor-section-height-default elementor-section-height-default\" data-id=\"49f5534\" data-element_type=\"section\" data-e-type=\"section\">\n\t\t\t\t\t\t<div class=\"elementor-container elementor-column-gap-default\">\n\t\t\t\t\t<div class=\"elementor-column elementor-col-100 elementor-inner-column elementor-element elementor-element-b51e9c4\" data-id=\"b51e9c4\" data-element_type=\"column\" data-e-type=\"column\">\n\t\t\t<div class=\"elementor-widget-wrap elementor-element-populated\">\n\t\t\t\t\t\t<div class=\"elementor-element elementor-element-a28366b elementor-widget elementor-widget-heading\" data-id=\"a28366b\" data-element_type=\"widget\" data-e-type=\"widget\" data-widget_type=\"heading.default\">\n\t\t\t\t<div class=\"elementor-widget-container\">\n\t\t\t\t\t<h2 class=\"elementor-heading-title elementor-size-default\">Servicios<\/h2>\t\t\t\t<\/div>\n\t\t\t\t<\/div>\n\t\t\t\t<div class=\"elementor-element elementor-element-a2aef36 elementor-widget elementor-widget-text-editor\" data-id=\"a2aef36\" data-element_type=\"widget\" data-e-type=\"widget\" data-widget_type=\"text-editor.default\">\n\t\t\t\t<div class=\"elementor-widget-container\">\n\t\t\t\t\t\t\t\t\t<p>Transformando la arquitectura en una experiencia<\/p>\t\t\t\t\t\t\t\t<\/div>\n\t\t\t\t<\/div>\n\t\t\t\t\t<\/div>\n\t\t<\/div>\n\t\t\t\t\t<\/div>\n\t\t<\/section>\n\t\t\t\t\t<\/div>\n\t\t<\/div>\n\t\t\t\t\t<\/div>\n\t\t<\/section>\n\t\t\t\t<section class=\"elementor-section elementor-top-section elementor-element elementor-element-5ac4c2c elementor-section-full_width n-kotona-container--wide elementor-section-stretched elementor-section-height-default elementor-section-height-default\" data-id=\"5ac4c2c\" data-element_type=\"section\" data-e-type=\"section\" data-settings=\"{&quot;stretch_section&quot;:&quot;section-stretched&quot;,&quot;background_background&quot;:&quot;classic&quot;}\">\n\t\t\t\t\t\t<div class=\"elementor-container elementor-column-gap-default\">\n\t\t\t\t\t<div class=\"elementor-column elementor-col-100 elementor-top-column elementor-element elementor-element-33da1bf\" data-id=\"33da1bf\" data-element_type=\"column\" data-e-type=\"column\" data-settings=\"{&quot;background_background&quot;:&quot;classic&quot;}\">\n\t\t\t<div class=\"elementor-widget-wrap elementor-element-populated\">\n\t\t\t\t\t\t<section class=\"elementor-section elementor-inner-section elementor-element elementor-element-dab2b96 elementor-section-boxed elementor-section-height-default elementor-section-height-default\" data-id=\"dab2b96\" data-element_type=\"section\" data-e-type=\"section\">\n\t\t\t\t\t\t<div class=\"elementor-container elementor-column-gap-no\">\n\t\t\t\t\t<div class=\"elementor-column elementor-col-100 elementor-inner-column elementor-element elementor-element-f75f063\" data-id=\"f75f063\" data-element_type=\"column\" data-e-type=\"column\">\n\t\t\t<div class=\"elementor-widget-wrap elementor-element-populated\">\n\t\t\t\t\t\t<div class=\"elementor-element elementor-element-3f33c53 elementor-widget elementor-widget-heading\" data-id=\"3f33c53\" data-element_type=\"widget\" data-e-type=\"widget\" data-widget_type=\"heading.default\">\n\t\t\t\t<div class=\"elementor-widget-container\">\n\t\t\t\t\t<h1 class=\"elementor-heading-title elementor-size-default\">Descubre todo lo que podemos hacer para ti <\/h1>\t\t\t\t<\/div>\n\t\t\t\t<\/div>\n\t\t\t\t<div class=\"elementor-element elementor-element-ce454bd neuron-swiper--overflow-visible neuron-dots--style__progressbar services-carousel neuron-swiper--overflow-hidden neuron-swiper--overflow-hidden m-neuron-gallery--overlay-none neuron-dots--bar-position__bottom elementor-widget elementor-widget-neuron-gallery\" data-id=\"ce454bd\" data-element_type=\"widget\" data-e-type=\"widget\" data-settings=\"{&quot;carousel&quot;:&quot;yes&quot;,&quot;navigation&quot;:&quot;dots&quot;,&quot;infinite&quot;:&quot;yes&quot;,&quot;centered_slides&quot;:&quot;yes&quot;,&quot;space_between&quot;:{&quot;unit&quot;:&quot;px&quot;,&quot;size&quot;:80,&quot;sizes&quot;:[]},&quot;dots_style&quot;:&quot;progressbar&quot;,&quot;slides_per_view&quot;:&quot;auto&quot;,&quot;slides_per_view_tablet&quot;:&quot;2&quot;,&quot;slides_per_view_mobile&quot;:&quot;1&quot;,&quot;slides_to_scroll&quot;:&quot;1&quot;,&quot;slides_to_scroll_tablet&quot;:&quot;1&quot;,&quot;slides_to_scroll_mobile&quot;:&quot;1&quot;,&quot;pause_on_hover&quot;:&quot;yes&quot;,&quot;keyboard_navigation&quot;:&quot;yes&quot;,&quot;autoplay&quot;:&quot;no&quot;,&quot;transition_speed&quot;:500,&quot;space_between_tablet&quot;:{&quot;unit&quot;:&quot;px&quot;,&quot;size&quot;:10,&quot;sizes&quot;:[]},&quot;space_between_mobile&quot;:{&quot;unit&quot;:&quot;px&quot;,&quot;size&quot;:10,&quot;sizes&quot;:[]},&quot;neuron_animations&quot;:&quot;h-neuron-animation--slideUp&quot;,&quot;neuron_animations_duration&quot;:&quot;animated&quot;,&quot;animation_delay&quot;:0,&quot;image_animation_hover&quot;:&quot;none&quot;}\" data-widget_type=\"neuron-gallery.default\">\n\t\t\t\t<div class=\"elementor-widget-container\">\n\t\t\t\t\t\t\r\n\t\t\t\t\t<div class=\"neuron-swiper neuron-swiper--prevent-flickr\">\r\n\t\t\t\t<div class=\"neuron-slides-wrapper neuron-main-swiper swiper-container\" data-animation-id=\"5b6a211ab7918baaa7a300d3d4ba12df\">\r\n\t\t\r\n\t\t\t\t<div class=\"swiper-wrapper neuron-slides\" data-masonry-id=\"5b6a211ab7918baaa7a300d3d4ba12df\">\r\n\t\t\t\t\t\t\t\t\t\t\t<a class=\"swiper-slide m-neuron-gallery__item\" data-elementor-open-lightbox=\"no\" data-elementor-lightbox-slideshow=\"all-ce454bd\" data-id=\"9428\" href=\"https:\/\/versatilpublicidad.com\/vpvsite\/vpvsite\/portfolio\/automotriz\/\" data-elementor-lightbox-title=\"Automotriz\">\r\n\r\n\t\t\t\t\t\t\t<div class=\"m-neuron-gallery__inner\">\r\n\r\n\t\t\t\t\t\t\t\t\r\n\t\t\t\t\t\t\t\t<div class=\"m-neuron-gallery__thumbnail--link\">\r\n\t\t\t\t\t\t\t\t\t<div class=\"m-neuron-gallery__thumbnail\">\r\n\t\t\t\t\t\t\t\t\t\t<img decoding=\"async\" src=\"https:\/\/versatilpublicidad.com\/vpvsite\/wp-content\/uploads\/2024\/07\/Automotriz-Toyota.jpg\" \/>\r\n\t\t\t\t\t\t\t\t\t<\/div>\r\n\t\t\t\t\t\t\t\t\t\t\t\t\t\t\t\t\t<\/div>\r\n\t\t\t\t\t\t\t\t\t\t\t<h4 class=\"m-neuron-gallery__image-details\">\r\n\t\t\t\t\t\t\t\t\t<span class=\"m-neuron-gallery__image-detail m-neuron-gallery__image-detail--title\">Automotriz<\/span>\r\n\t\t\t\t\t\t\t\t\t<span class=\"m-neuron-gallery__image-detail m-neuron-gallery__image-detail--description\">Fortalece tu imagen: Aumenta tus ventas y deja una mejor impresi\u00f3n en tus clientes<\/span>\r\n\t\t\t\t\t\t\t<\/h4>\r\n\t\t\r\n\t\t\t\t\t\t\t\t\r\n\t\t\t\t\t\t\t<\/div>\r\n\r\n\t\t\t\t\t\t<\/a>\r\n\r\n\t\t\t\t\t\t\r\n\t\t\t\t\t\t\t\t\t\t\t<a class=\"swiper-slide m-neuron-gallery__item\" data-elementor-open-lightbox=\"no\" data-elementor-lightbox-slideshow=\"all-ce454bd\" data-id=\"9427\" href=\"https:\/\/versatilpublicidad.com\/vpvsite\/vpvsite\/portfolio\/anuncios\/\" data-elementor-lightbox-title=\"Anuncios\">\r\n\r\n\t\t\t\t\t\t\t<div class=\"m-neuron-gallery__inner\">\r\n\r\n\t\t\t\t\t\t\t\t\r\n\t\t\t\t\t\t\t\t<div class=\"m-neuron-gallery__thumbnail--link\">\r\n\t\t\t\t\t\t\t\t\t<div class=\"m-neuron-gallery__thumbnail\">\r\n\t\t\t\t\t\t\t\t\t\t<img decoding=\"async\" src=\"https:\/\/versatilpublicidad.com\/vpvsite\/wp-content\/uploads\/2024\/07\/Anuncios-Maprre.jpg\" \/>\r\n\t\t\t\t\t\t\t\t\t<\/div>\r\n\t\t\t\t\t\t\t\t\t\t\t\t\t\t\t\t\t<\/div>\r\n\t\t\t\t\t\t\t\t\t\t\t<h4 class=\"m-neuron-gallery__image-details\">\r\n\t\t\t\t\t\t\t\t\t<span class=\"m-neuron-gallery__image-detail m-neuron-gallery__image-detail--title\">Anuncios<\/span>\r\n\t\t\t\t\t\t\t\t\t<span class=\"m-neuron-gallery__image-detail m-neuron-gallery__image-detail--description\">Destaca de tu competencia y atrae todas las miradas<\/span>\r\n\t\t\t\t\t\t\t<\/h4>\r\n\t\t\r\n\t\t\t\t\t\t\t\t\r\n\t\t\t\t\t\t\t<\/div>\r\n\r\n\t\t\t\t\t\t<\/a>\r\n\r\n\t\t\t\t\t\t\r\n\t\t\t\t\t\t\t\t\t\t\t<a class=\"swiper-slide m-neuron-gallery__item\" data-elementor-open-lightbox=\"no\" data-elementor-lightbox-slideshow=\"all-ce454bd\" data-id=\"9824\" href=\"https:\/\/versatilpublicidad.com\/vpvsite\/vpvsite\/portfolio\/retail\/\" data-elementor-lightbox-title=\"Tiendas \/ Retail\">\r\n\r\n\t\t\t\t\t\t\t<div class=\"m-neuron-gallery__inner\">\r\n\r\n\t\t\t\t\t\t\t\t\r\n\t\t\t\t\t\t\t\t<div class=\"m-neuron-gallery__thumbnail--link\">\r\n\t\t\t\t\t\t\t\t\t<div class=\"m-neuron-gallery__thumbnail\">\r\n\t\t\t\t\t\t\t\t\t\t<img decoding=\"async\" src=\"https:\/\/versatilpublicidad.com\/vpvsite\/wp-content\/uploads\/2024\/08\/Retail-DQ.jpg\" \/>\r\n\t\t\t\t\t\t\t\t\t<\/div>\r\n\t\t\t\t\t\t\t\t\t\t\t\t\t\t\t\t\t<\/div>\r\n\t\t\t\t\t\t\t\t\t\t\t<h4 class=\"m-neuron-gallery__image-details\">\r\n\t\t\t\t\t\t\t\t\t<span class=\"m-neuron-gallery__image-detail m-neuron-gallery__image-detail--title\">Tiendas \/ Retail<\/span>\r\n\t\t\t\t\t\t\t\t\t<span class=\"m-neuron-gallery__image-detail m-neuron-gallery__image-detail--description\">Haz que todos hablen de ti y convierte tu imagen en una referencia<\/span>\r\n\t\t\t\t\t\t\t<\/h4>\r\n\t\t\r\n\t\t\t\t\t\t\t\t\r\n\t\t\t\t\t\t\t<\/div>\r\n\r\n\t\t\t\t\t\t<\/a>\r\n\r\n\t\t\t\t\t\t\r\n\t\t\t\t\t\t\t\t\t\t\t<a class=\"swiper-slide m-neuron-gallery__item\" data-elementor-open-lightbox=\"no\" data-elementor-lightbox-slideshow=\"all-ce454bd\" data-id=\"10097\" href=\"https:\/\/versatilpublicidad.com\/vpvsite\/vpvsite\/portfolio\/senaletica\/\" data-elementor-lightbox-title=\"Se\u00f1aletica\">\r\n\r\n\t\t\t\t\t\t\t<div class=\"m-neuron-gallery__inner\">\r\n\r\n\t\t\t\t\t\t\t\t\r\n\t\t\t\t\t\t\t\t<div class=\"m-neuron-gallery__thumbnail--link\">\r\n\t\t\t\t\t\t\t\t\t<div class=\"m-neuron-gallery__thumbnail\">\r\n\t\t\t\t\t\t\t\t\t\t<img decoding=\"async\" src=\"https:\/\/versatilpublicidad.com\/vpvsite\/wp-content\/uploads\/2024\/09\/Simotiva.jpg\" \/>\r\n\t\t\t\t\t\t\t\t\t<\/div>\r\n\t\t\t\t\t\t\t\t\t\t\t\t\t\t\t\t\t<\/div>\r\n\t\t\t\t\t\t\t\t\t\t\t<h4 class=\"m-neuron-gallery__image-details\">\r\n\t\t\t\t\t\t\t\t\t<span class=\"m-neuron-gallery__image-detail m-neuron-gallery__image-detail--title\">Se\u00f1aletica<\/span>\r\n\t\t\t\t\t\t\t\t\t<span class=\"m-neuron-gallery__image-detail m-neuron-gallery__image-detail--description\">Creamos ideas y soluciones ideales para generar marcas de impacto<\/span>\r\n\t\t\t\t\t\t\t<\/h4>\r\n\t\t\r\n\t\t\t\t\t\t\t\t\r\n\t\t\t\t\t\t\t<\/div>\r\n\r\n\t\t\t\t\t\t<\/a>\r\n\r\n\t\t\t\t\t\t\r\n\t\t\t\t\t\t\t\t\t<\/div>\r\n\r\n\t\t\t\t\t\t\t<\/div>\r\n\r\n\t\t\t\r\n\t\t\t\t\t\t\t<div class=\"swiper-pagination neuron-swiper-dots\" data-swiper-pagination-id=\"5b6a211ab7918baaa7a300d3d4ba12df\"><\/div>\r\n\t\t\t\t\t\t\r\n\t\t\t\t\t\t<\/div>\r\n\t\t\t\t\t\t\t\t<\/div>\n\t\t\t\t<\/div>\n\t\t\t\t\t<\/div>\n\t\t<\/div>\n\t\t\t\t\t<\/div>\n\t\t<\/section>\n\t\t\t\t\t<\/div>\n\t\t<\/div>\n\t\t\t\t\t<\/div>\n\t\t<\/section>\n\t\t\t\t<section class=\"elementor-section elementor-top-section elementor-element elementor-element-a0af3da elementor-section-full_width elementor-section-stretched elementor-section-height-default elementor-section-height-default\" data-id=\"a0af3da\" data-element_type=\"section\" data-e-type=\"section\" data-settings=\"{&quot;stretch_section&quot;:&quot;section-stretched&quot;,&quot;background_background&quot;:&quot;classic&quot;}\">\n\t\t\t\t\t\t<div class=\"elementor-container elementor-column-gap-default\">\n\t\t\t\t\t<div class=\"elementor-column elementor-col-100 elementor-top-column elementor-element elementor-element-9eac800\" data-id=\"9eac800\" data-element_type=\"column\" data-e-type=\"column\">\n\t\t\t<div class=\"elementor-widget-wrap elementor-element-populated\">\n\t\t\t\t\t\t<section class=\"elementor-section elementor-inner-section elementor-element elementor-element-47d8d0f elementor-section-boxed elementor-section-height-default elementor-section-height-default\" data-id=\"47d8d0f\" data-element_type=\"section\" data-e-type=\"section\">\n\t\t\t\t\t\t<div class=\"elementor-container elementor-column-gap-default\">\n\t\t\t\t\t<div class=\"elementor-column elementor-col-50 elementor-inner-column elementor-element elementor-element-d23aa22\" data-id=\"d23aa22\" data-element_type=\"column\" data-e-type=\"column\">\n\t\t\t<div class=\"elementor-widget-wrap elementor-element-populated\">\n\t\t\t\t\t\t<div class=\"elementor-element elementor-element-9d7cf19 elementor-widget__width-initial elementor-widget elementor-widget-heading\" data-id=\"9d7cf19\" data-element_type=\"widget\" data-e-type=\"widget\" data-widget_type=\"heading.default\">\n\t\t\t\t<div class=\"elementor-widget-container\">\n\t\t\t\t\t<h2 class=\"elementor-heading-title elementor-size-default\">Eleva tu marca de lo ordinario a lo extraordinario<\/h2>\t\t\t\t<\/div>\n\t\t\t\t<\/div>\n\t\t\t\t<div class=\"elementor-element elementor-element-acfa8dc elementor-align-center elementor-hidden-mobile elementor-widget__width-initial elementor-widget elementor-widget-button\" data-id=\"acfa8dc\" data-element_type=\"widget\" data-e-type=\"widget\" data-widget_type=\"button.default\">\n\t\t\t\t<div class=\"elementor-widget-container\">\n\t\t\t\t\t\t\t\t\t<div class=\"elementor-button-wrapper\">\n\t\t\t\t\t<a class=\"elementor-button elementor-button-link elementor-size-sm\" href=\"#\">\n\t\t\t\t\t\t<span class=\"elementor-button-content-wrapper\">\n\t\t\t\t\t\t\t\t\t<span class=\"elementor-button-text\">\u00bfEmpezamos?<\/span>\n\t\t\t\t\t<\/span>\n\t\t\t\t\t<\/a>\n\t\t\t\t<\/div>\n\t\t\t\t\t\t\t\t<\/div>\n\t\t\t\t<\/div>\n\t\t\t\t<div class=\"elementor-element elementor-element-662d10a elementor-widget__width-initial elementor-widget elementor-widget-text-editor\" data-id=\"662d10a\" data-element_type=\"widget\" data-e-type=\"widget\" data-widget_type=\"text-editor.default\">\n\t\t\t\t<div class=\"elementor-widget-container\">\n\t\t\t\t\t\t\t\t\t<p>Agenda ahora tu primer contacto y descubre c\u00f3mo simplificamos tu proyecto, haci\u00e9ndolo m\u00e1s f\u00e1cil y accesible. <br \/>Nuestro equipo de profesionales de \u00e9lite har\u00e1 destacar tu marca frente a la competencia.<\/p>\t\t\t\t\t\t\t\t<\/div>\n\t\t\t\t<\/div>\n\t\t\t\t\t<\/div>\n\t\t<\/div>\n\t\t\t\t<div class=\"elementor-column elementor-col-50 elementor-inner-column elementor-element elementor-element-0b0803e\" data-id=\"0b0803e\" data-element_type=\"column\" data-e-type=\"column\">\n\t\t\t<div class=\"elementor-widget-wrap\">\n\t\t\t\t\t\t\t<\/div>\n\t\t<\/div>\n\t\t\t\t\t<\/div>\n\t\t<\/section>\n\t\t\t\t\t<\/div>\n\t\t<\/div>\n\t\t\t\t\t<\/div>\n\t\t<\/section>\n\t\t\t\t<\/div>\n\t\t","protected":false},"excerpt":{"rendered":"<p>Servicios Transformando la arquitectura en una experiencia Descubre todo lo que podemos hacer para ti Automotriz Fortalece tu imagen: Aumenta tus ventas y deja una mejor impresi\u00f3n en tus clientes Anuncios Destaca de tu competencia y atrae todas las miradas Tiendas \/ Retail Haz que todos hablen de ti y convierte tu imagen en una&#8230;<\/p>\n","protected":false},"author":1,"featured_media":0,"parent":0,"menu_order":0,"comment_status":"closed","ping_status":"closed","template":"elementor_header_footer","meta":{"footnotes":""},"class_list":["post-8876","page","type-page","status-publish","hentry"],"_links":{"self":[{"href":"https:\/\/versatilpublicidad.com\/vpvsite\/wp-json\/wp\/v2\/pages\/8876","targetHints":{"allow":["GET"]}}],"collection":[{"href":"https:\/\/versatilpublicidad.com\/vpvsite\/wp-json\/wp\/v2\/pages"}],"about":[{"href":"https:\/\/versatilpublicidad.com\/vpvsite\/wp-json\/wp\/v2\/types\/page"}],"author":[{"embeddable":true,"href":"https:\/\/versatilpublicidad.com\/vpvsite\/wp-json\/wp\/v2\/users\/1"}],"replies":[{"embeddable":true,"href":"https:\/\/versatilpublicidad.com\/vpvsite\/wp-json\/wp\/v2\/comments?post=8876"}],"version-history":[{"count":52,"href":"https:\/\/versatilpublicidad.com\/vpvsite\/wp-json\/wp\/v2\/pages\/8876\/revisions"}],"predecessor-version":[{"id":10129,"href":"https:\/\/versatilpublicidad.com\/vpvsite\/wp-json\/wp\/v2\/pages\/8876\/revisions\/10129"}],"wp:attachment":[{"href":"https:\/\/versatilpublicidad.com\/vpvsite\/wp-json\/wp\/v2\/media?parent=8876"}],"curies":[{"name":"wp","href":"https:\/\/api.w.org\/{rel}","templated":true}]}}