{"id":8866,"date":"2024-06-06T17:14:10","date_gmt":"2024-06-06T17:14:10","guid":{"rendered":"https:\/\/versatilpublicidad.com\/vpvsite\/?page_id=8866"},"modified":"2024-09-05T22:35:19","modified_gmt":"2024-09-05T22:35:19","slug":"mi-metodo","status":"publish","type":"page","link":"https:\/\/versatilpublicidad.com\/vpvsite\/mi-metodo\/","title":{"rendered":"Mi M\u00e9todo"},"content":{"rendered":"\t\t<div data-elementor-type=\"wp-page\" data-elementor-id=\"8866\" class=\"elementor elementor-8866\">\n\t\t\t\t\t\t<section class=\"elementor-section elementor-top-section elementor-element elementor-element-6bac1d2 elementor-section-full_width elementor-section-stretched elementor-section-height-default elementor-section-height-default\" data-id=\"6bac1d2\" data-element_type=\"section\" data-e-type=\"section\" data-settings=\"{&quot;stretch_section&quot;:&quot;section-stretched&quot;}\">\n\t\t\t\t\t\t<div class=\"elementor-container elementor-column-gap-default\">\n\t\t\t\t\t<div class=\"elementor-column elementor-col-100 elementor-top-column elementor-element elementor-element-5eccdbb\" data-id=\"5eccdbb\" data-element_type=\"column\" data-e-type=\"column\">\n\t\t\t<div class=\"elementor-widget-wrap elementor-element-populated\">\n\t\t\t\t\t\t<section class=\"elementor-section elementor-inner-section elementor-element elementor-element-01181e8 elementor-section-boxed elementor-section-height-default elementor-section-height-default\" data-id=\"01181e8\" data-element_type=\"section\" data-e-type=\"section\">\n\t\t\t\t\t\t<div class=\"elementor-container elementor-column-gap-default\">\n\t\t\t\t\t<div class=\"elementor-column elementor-col-100 elementor-inner-column elementor-element elementor-element-795a128\" data-id=\"795a128\" data-element_type=\"column\" data-e-type=\"column\">\n\t\t\t<div class=\"elementor-widget-wrap elementor-element-populated\">\n\t\t\t\t\t\t<div class=\"elementor-element elementor-element-69256d1 elementor-widget elementor-widget-heading\" data-id=\"69256d1\" data-element_type=\"widget\" data-e-type=\"widget\" data-widget_type=\"heading.default\">\n\t\t\t\t<div class=\"elementor-widget-container\">\n\t\t\t\t\t<h1 class=\"elementor-heading-title elementor-size-default\">M\u00c9TODO<\/h1>\t\t\t\t<\/div>\n\t\t\t\t<\/div>\n\t\t\t\t\t<\/div>\n\t\t<\/div>\n\t\t\t\t\t<\/div>\n\t\t<\/section>\n\t\t\t\t<section class=\"elementor-section elementor-inner-section elementor-element elementor-element-d1a3a99 elementor-section-boxed elementor-section-height-default elementor-section-height-default\" data-id=\"d1a3a99\" data-element_type=\"section\" data-e-type=\"section\">\n\t\t\t\t\t\t<div class=\"elementor-container elementor-column-gap-default\">\n\t\t\t\t\t<div class=\"elementor-column elementor-col-33 elementor-inner-column elementor-element elementor-element-ad25558\" data-id=\"ad25558\" data-element_type=\"column\" data-e-type=\"column\">\n\t\t\t<div class=\"elementor-widget-wrap\">\n\t\t\t\t\t\t\t<\/div>\n\t\t<\/div>\n\t\t\t\t<div class=\"elementor-column elementor-col-33 elementor-inner-column elementor-element elementor-element-00876c5\" data-id=\"00876c5\" data-element_type=\"column\" data-e-type=\"column\">\n\t\t\t<div class=\"elementor-widget-wrap elementor-element-populated\">\n\t\t\t\t\t\t<div class=\"elementor-element elementor-element-07b82d1 elementor-widget__width-initial elementor-widget elementor-widget-text-editor\" data-id=\"07b82d1\" data-element_type=\"widget\" data-e-type=\"widget\" data-widget_type=\"text-editor.default\">\n\t\t\t\t<div class=\"elementor-widget-container\">\n\t\t\t\t\t\t\t\t\t<p class=\"MsoNormal\" style=\"text-align: center;\" align=\"center\"><b>Somos expertos en soluciones<\/b>\u00a0integrales que abarcan desde el concepto, dise\u00f1o e ingenier\u00eda del producto.<\/p>\t\t\t\t\t\t\t\t<\/div>\n\t\t\t\t<\/div>\n\t\t\t\t\t<\/div>\n\t\t<\/div>\n\t\t\t\t<div class=\"elementor-column elementor-col-33 elementor-inner-column elementor-element elementor-element-53d60ad\" data-id=\"53d60ad\" data-element_type=\"column\" data-e-type=\"column\">\n\t\t\t<div class=\"elementor-widget-wrap\">\n\t\t\t\t\t\t\t<\/div>\n\t\t<\/div>\n\t\t\t\t\t<\/div>\n\t\t<\/section>\n\t\t\t\t<section class=\"elementor-section elementor-inner-section elementor-element elementor-element-91098d9 elementor-section-boxed elementor-section-height-default elementor-section-height-default\" data-id=\"91098d9\" data-element_type=\"section\" data-e-type=\"section\">\n\t\t\t\t\t\t<div class=\"elementor-container elementor-column-gap-default\">\n\t\t\t\t\t<div class=\"elementor-column elementor-col-100 elementor-inner-column elementor-element elementor-element-0f4cec5\" data-id=\"0f4cec5\" data-element_type=\"column\" data-e-type=\"column\">\n\t\t\t<div class=\"elementor-widget-wrap elementor-element-populated\">\n\t\t\t\t\t\t<div class=\"elementor-element elementor-element-78e7406 elementor-widget elementor-widget-image\" data-id=\"78e7406\" data-element_type=\"widget\" data-e-type=\"widget\" data-widget_type=\"image.default\">\n\t\t\t\t<div class=\"elementor-widget-container\">\n\t\t\t\t\t\t\t\t\t\t\t\t\t\t\t<img decoding=\"async\" width=\"63\" height=\"61\" src=\"https:\/\/versatilpublicidad.com\/vpvsite\/wp-content\/uploads\/2024\/06\/unnamed-file.png\" class=\"attachment-full size-full wp-image-9093\" alt=\"\" \/>\t\t\t\t\t\t\t\t\t\t\t\t\t\t\t<\/div>\n\t\t\t\t<\/div>\n\t\t\t\t<div class=\"elementor-element elementor-element-9dcf8fd elementor-widget elementor-widget-text-editor\" data-id=\"9dcf8fd\" data-element_type=\"widget\" data-e-type=\"widget\" data-widget_type=\"text-editor.default\">\n\t\t\t\t<div class=\"elementor-widget-container\">\n\t\t\t\t\t\t\t\t\t<p class=\"MsoNormal\" style=\"text-align: justify;\"><b>Con d\u00e9cadas de experiencia y una s\u00f3lida reputaci\u00f3n<\/b>, estamos comprometidos a guiarte en cada etapa, creando productos que sean duraderos, funcionales y atractivos visualmente, al mismo tiempo que\u00a0<b>integramos nuevas ideas y tecnolog\u00edas para mantenernos a la vanguardia de la industria.<\/b><\/p>\t\t\t\t\t\t\t\t<\/div>\n\t\t\t\t<\/div>\n\t\t\t\t\t<\/div>\n\t\t<\/div>\n\t\t\t\t\t<\/div>\n\t\t<\/section>\n\t\t\t\t\t<\/div>\n\t\t<\/div>\n\t\t\t\t\t<\/div>\n\t\t<\/section>\n\t\t\t\t<section class=\"elementor-section elementor-top-section elementor-element elementor-element-4c0969f elementor-section-full_width elementor-section-stretched elementor-section-height-default elementor-section-height-default\" data-id=\"4c0969f\" data-element_type=\"section\" data-e-type=\"section\" data-settings=\"{&quot;stretch_section&quot;:&quot;section-stretched&quot;}\">\n\t\t\t\t\t\t<div class=\"elementor-container elementor-column-gap-default\">\n\t\t\t\t\t<div class=\"elementor-column elementor-col-100 elementor-top-column elementor-element elementor-element-0ed4bad\" data-id=\"0ed4bad\" data-element_type=\"column\" data-e-type=\"column\">\n\t\t\t<div class=\"elementor-widget-wrap elementor-element-populated\">\n\t\t\t\t\t\t<section class=\"elementor-section elementor-inner-section elementor-element elementor-element-8d148dc elementor-section-boxed elementor-section-height-default elementor-section-height-default\" data-id=\"8d148dc\" data-element_type=\"section\" data-e-type=\"section\" data-settings=\"{&quot;background_background&quot;:&quot;classic&quot;}\">\n\t\t\t\t\t\t<div class=\"elementor-container elementor-column-gap-default\">\n\t\t\t\t\t<div class=\"elementor-column elementor-col-33 elementor-inner-column elementor-element elementor-element-e7a45fd\" data-id=\"e7a45fd\" data-element_type=\"column\" data-e-type=\"column\">\n\t\t\t<div class=\"elementor-widget-wrap elementor-element-populated\">\n\t\t\t\t\t\t<div class=\"elementor-element elementor-element-a35cfce elementor-widget elementor-widget-image\" data-id=\"a35cfce\" data-element_type=\"widget\" data-e-type=\"widget\" data-widget_type=\"image.default\">\n\t\t\t\t<div class=\"elementor-widget-container\">\n\t\t\t\t\t\t\t\t\t\t\t\t\t\t\t<img fetchpriority=\"high\" decoding=\"async\" width=\"516\" height=\"551\" src=\"https:\/\/versatilpublicidad.com\/vpvsite\/wp-content\/uploads\/2024\/06\/Revision.png\" class=\"attachment-full size-full wp-image-9101\" alt=\"\" srcset=\"https:\/\/versatilpublicidad.com\/vpvsite\/wp-content\/uploads\/2024\/06\/Revision.png 516w, https:\/\/versatilpublicidad.com\/vpvsite\/wp-content\/uploads\/2024\/06\/Revision-281x300.png 281w\" sizes=\"(max-width: 516px) 100vw, 516px\" \/>\t\t\t\t\t\t\t\t\t\t\t\t\t\t\t<\/div>\n\t\t\t\t<\/div>\n\t\t\t\t<div class=\"elementor-element elementor-element-97ad53d elementor-widget elementor-widget-text-editor\" data-id=\"97ad53d\" data-element_type=\"widget\" data-e-type=\"widget\" data-widget_type=\"text-editor.default\">\n\t\t\t\t<div class=\"elementor-widget-container\">\n\t\t\t\t\t\t\t\t\t<p class=\"MsoNormal\">Evaluaci\u00f3n de Factibilidad:&nbsp; Evaluamos de manera\nexhaustiva y transparente la viabilidad de tu proyecto, ofreci\u00e9ndote una visi\u00f3n\nhonesta para que puedas tomar decisiones informadas.<o:p><\/o:p><\/p><p>\n\n<\/p><p class=\"MsoNormal\">Si&nbsp;el proyecto no cumple con nuestros est\u00e1ndares de\nexcelencia, te lo comunicaremos de inmediato para evitar inversiones\ninnecesarias. Nos centramos en proyectos alineados con nuestra visi\u00f3n de\nrentabilidad y funcionalidad, siempre priorizando tu satisfacci\u00f3n y el valor que\naportamos como socio estrat\u00e9gico.<o:p><\/o:p><\/p>\t\t\t\t\t\t\t\t<\/div>\n\t\t\t\t<\/div>\n\t\t\t\t\t<\/div>\n\t\t<\/div>\n\t\t\t\t<div class=\"elementor-column elementor-col-33 elementor-inner-column elementor-element elementor-element-949f5a2\" data-id=\"949f5a2\" data-element_type=\"column\" data-e-type=\"column\">\n\t\t\t<div class=\"elementor-widget-wrap elementor-element-populated\">\n\t\t\t\t\t\t<div class=\"elementor-element elementor-element-719fbc9 elementor-widget elementor-widget-image\" data-id=\"719fbc9\" data-element_type=\"widget\" data-e-type=\"widget\" data-widget_type=\"image.default\">\n\t\t\t\t<div class=\"elementor-widget-container\">\n\t\t\t\t\t\t\t\t\t\t\t\t\t\t\t<img decoding=\"async\" width=\"516\" height=\"551\" src=\"https:\/\/versatilpublicidad.com\/vpvsite\/wp-content\/uploads\/2024\/06\/Metalizado.png\" class=\"attachment-full size-full wp-image-9102\" alt=\"\" srcset=\"https:\/\/versatilpublicidad.com\/vpvsite\/wp-content\/uploads\/2024\/06\/Metalizado.png 516w, https:\/\/versatilpublicidad.com\/vpvsite\/wp-content\/uploads\/2024\/06\/Metalizado-281x300.png 281w\" sizes=\"(max-width: 516px) 100vw, 516px\" \/>\t\t\t\t\t\t\t\t\t\t\t\t\t\t\t<\/div>\n\t\t\t\t<\/div>\n\t\t\t\t<div class=\"elementor-element elementor-element-150c499 elementor-widget elementor-widget-text-editor\" data-id=\"150c499\" data-element_type=\"widget\" data-e-type=\"widget\" data-widget_type=\"text-editor.default\">\n\t\t\t\t<div class=\"elementor-widget-container\">\n\t\t\t\t\t\t\t\t\t<p>Ideas extraordinarias: La innovaci\u00f3n impulsa nuestro trabajo.<\/p><p>Nos destacamos por ofrecer soluciones \u00fanicas y disruptivas que superan las expectativas de nuestros clientes.<\/p><p>Unimos nuevas tecnolog\u00edas, la formaci\u00f3n continua de nuestro equipo y la ingenier\u00eda aplicada para maximizar el impacto de cada proyecto.<\/p><p>Nuestra b\u00fasqueda constante de la innovaci\u00f3n tiene un impacto directo en ti.<\/p><p>Garantizando resultados excepcionales que impulsar\u00e1n el \u00e9xito de tu proyecto y te har\u00e1n destacar en tu industria.<\/p><div>\u00a0<\/div>\t\t\t\t\t\t\t\t<\/div>\n\t\t\t\t<\/div>\n\t\t\t\t\t<\/div>\n\t\t<\/div>\n\t\t\t\t<div class=\"elementor-column elementor-col-33 elementor-inner-column elementor-element elementor-element-cb4c0f0\" data-id=\"cb4c0f0\" data-element_type=\"column\" data-e-type=\"column\">\n\t\t\t<div class=\"elementor-widget-wrap elementor-element-populated\">\n\t\t\t\t\t\t<div class=\"elementor-element elementor-element-1feb7cd elementor-widget elementor-widget-image\" data-id=\"1feb7cd\" data-element_type=\"widget\" data-e-type=\"widget\" data-widget_type=\"image.default\">\n\t\t\t\t<div class=\"elementor-widget-container\">\n\t\t\t\t\t\t\t\t\t\t\t\t\t\t\t<img loading=\"lazy\" decoding=\"async\" width=\"516\" height=\"551\" src=\"https:\/\/versatilpublicidad.com\/vpvsite\/wp-content\/uploads\/2024\/06\/Ingenieria.png\" class=\"attachment-full size-full wp-image-9103\" alt=\"\" srcset=\"https:\/\/versatilpublicidad.com\/vpvsite\/wp-content\/uploads\/2024\/06\/Ingenieria.png 516w, https:\/\/versatilpublicidad.com\/vpvsite\/wp-content\/uploads\/2024\/06\/Ingenieria-281x300.png 281w\" sizes=\"(max-width: 516px) 100vw, 516px\" \/>\t\t\t\t\t\t\t\t\t\t\t\t\t\t\t<\/div>\n\t\t\t\t<\/div>\n\t\t\t\t<div class=\"elementor-element elementor-element-afb3ebe elementor-widget elementor-widget-text-editor\" data-id=\"afb3ebe\" data-element_type=\"widget\" data-e-type=\"widget\" data-widget_type=\"text-editor.default\">\n\t\t\t\t<div class=\"elementor-widget-container\">\n\t\t\t\t\t\t\t\t\t<p>Control total: Tendr\u00e1s el poder absoluto sobre tu proyecto, te mantendremos informado en todo momento con nuestra comunicaci\u00f3n transparente.<\/p>\n<p>Tu participaci\u00f3n activa garantiza que siempre est\u00e9s al tanto y tengas el control total, llevando tu proyecto a nuevas alturas incluso si no est\u00e1s f\u00edsicamente presente.<\/p>\t\t\t\t\t\t\t\t<\/div>\n\t\t\t\t<\/div>\n\t\t\t\t\t<\/div>\n\t\t<\/div>\n\t\t\t\t\t<\/div>\n\t\t<\/section>\n\t\t\t\t\t<\/div>\n\t\t<\/div>\n\t\t\t\t\t<\/div>\n\t\t<\/section>\n\t\t\t\t<section class=\"elementor-section elementor-top-section elementor-element elementor-element-d1c7ad5 elementor-section-full_width elementor-section-stretched elementor-section-height-default elementor-section-height-default\" data-id=\"d1c7ad5\" data-element_type=\"section\" data-e-type=\"section\" data-settings=\"{&quot;stretch_section&quot;:&quot;section-stretched&quot;,&quot;background_background&quot;:&quot;classic&quot;}\">\n\t\t\t\t\t\t<div class=\"elementor-container elementor-column-gap-default\">\n\t\t\t\t\t<div class=\"elementor-column elementor-col-100 elementor-top-column elementor-element elementor-element-d8fc24c\" data-id=\"d8fc24c\" data-element_type=\"column\" data-e-type=\"column\">\n\t\t\t<div class=\"elementor-widget-wrap elementor-element-populated\">\n\t\t\t\t\t\t<section class=\"elementor-section elementor-inner-section elementor-element elementor-element-889462a elementor-section-boxed elementor-section-height-default elementor-section-height-default\" data-id=\"889462a\" data-element_type=\"section\" data-e-type=\"section\">\n\t\t\t\t\t\t<div class=\"elementor-container elementor-column-gap-default\">\n\t\t\t\t\t<div class=\"elementor-column elementor-col-50 elementor-inner-column elementor-element elementor-element-c83dcc4\" data-id=\"c83dcc4\" data-element_type=\"column\" data-e-type=\"column\">\n\t\t\t<div class=\"elementor-widget-wrap elementor-element-populated\">\n\t\t\t\t\t\t<div class=\"elementor-element elementor-element-5f6f97b elementor-widget elementor-widget-heading\" data-id=\"5f6f97b\" data-element_type=\"widget\" data-e-type=\"widget\" data-widget_type=\"heading.default\">\n\t\t\t\t<div class=\"elementor-widget-container\">\n\t\t\t\t\t<h2 class=\"elementor-heading-title elementor-size-default\">\u00a1Estamos\nrevolucionando\nla industria!<\/h2>\t\t\t\t<\/div>\n\t\t\t\t<\/div>\n\t\t\t\t\t<\/div>\n\t\t<\/div>\n\t\t\t\t<div class=\"elementor-column elementor-col-50 elementor-inner-column elementor-element elementor-element-605ca0a\" data-id=\"605ca0a\" data-element_type=\"column\" data-e-type=\"column\">\n\t\t\t<div class=\"elementor-widget-wrap elementor-element-populated\">\n\t\t\t\t\t\t<div class=\"elementor-element elementor-element-ed6ee19 elementor-widget elementor-widget-text-editor\" data-id=\"ed6ee19\" data-element_type=\"widget\" data-e-type=\"widget\" data-widget_type=\"text-editor.default\">\n\t\t\t\t<div class=\"elementor-widget-container\">\n\t\t\t\t\t\t\t\t\t<p>No solo damos vida a tus ideas, las elevamos a un nivel superior.<\/p><p>Colaboramos con marcas l\u00edderes y somos los innovadores indiscutibles en nuestro sector. Con nuestro profesionalismo y dedicaci\u00f3n, convertimos tus ideas en realidades impactantes.<\/p><p>\u00bfEmpezamos?, cu\u00e9ntanos qu\u00e9 proyecto quieres convertir en extraordinario<\/p>\t\t\t\t\t\t\t\t<\/div>\n\t\t\t\t<\/div>\n\t\t\t\t<div class=\"elementor-element elementor-element-1b6fdfb elementor-align-left elementor-widget elementor-widget-button\" data-id=\"1b6fdfb\" data-element_type=\"widget\" data-e-type=\"widget\" data-widget_type=\"button.default\">\n\t\t\t\t<div class=\"elementor-widget-container\">\n\t\t\t\t\t\t\t\t\t<div class=\"elementor-button-wrapper\">\n\t\t\t\t\t<a class=\"elementor-button elementor-button-link elementor-size-sm\" href=\"https:\/\/versatilpublicidad.com\/vpvsite\/vpvsite\/contacto\/\">\n\t\t\t\t\t\t<span class=\"elementor-button-content-wrapper\">\n\t\t\t\t\t\t\t\t\t<span class=\"elementor-button-text\">Agendar cita de consultor\u00eda<\/span>\n\t\t\t\t\t<\/span>\n\t\t\t\t\t<\/a>\n\t\t\t\t<\/div>\n\t\t\t\t\t\t\t\t<\/div>\n\t\t\t\t<\/div>\n\t\t\t\t\t<\/div>\n\t\t<\/div>\n\t\t\t\t\t<\/div>\n\t\t<\/section>\n\t\t\t\t\t<\/div>\n\t\t<\/div>\n\t\t\t\t\t<\/div>\n\t\t<\/section>\n\t\t\t\t<section class=\"elementor-section elementor-top-section elementor-element elementor-element-1fa363e elementor-section-full_width elementor-section-stretched elementor-section-height-default elementor-section-height-default\" data-id=\"1fa363e\" data-element_type=\"section\" data-e-type=\"section\" data-settings=\"{&quot;stretch_section&quot;:&quot;section-stretched&quot;,&quot;background_background&quot;:&quot;classic&quot;}\">\n\t\t\t\t\t\t<div class=\"elementor-container elementor-column-gap-default\">\n\t\t\t\t\t<div class=\"elementor-column elementor-col-100 elementor-top-column elementor-element elementor-element-cb2886b\" data-id=\"cb2886b\" data-element_type=\"column\" data-e-type=\"column\">\n\t\t\t<div class=\"elementor-widget-wrap elementor-element-populated\">\n\t\t\t\t\t\t<section class=\"elementor-section elementor-inner-section elementor-element elementor-element-738c6b4 elementor-section-boxed elementor-section-height-default elementor-section-height-default\" data-id=\"738c6b4\" data-element_type=\"section\" data-e-type=\"section\">\n\t\t\t\t\t\t<div class=\"elementor-container elementor-column-gap-default\">\n\t\t\t\t\t<div class=\"elementor-column elementor-col-50 elementor-inner-column elementor-element elementor-element-ae655c1\" data-id=\"ae655c1\" data-element_type=\"column\" data-e-type=\"column\">\n\t\t\t<div class=\"elementor-widget-wrap elementor-element-populated\">\n\t\t\t\t\t\t<div class=\"elementor-element elementor-element-89e813e elementor-widget__width-initial elementor-widget elementor-widget-heading\" data-id=\"89e813e\" data-element_type=\"widget\" data-e-type=\"widget\" data-widget_type=\"heading.default\">\n\t\t\t\t<div class=\"elementor-widget-container\">\n\t\t\t\t\t<h2 class=\"elementor-heading-title elementor-size-default\">Eleva tu marca de lo ordinario a lo extraordinario<\/h2>\t\t\t\t<\/div>\n\t\t\t\t<\/div>\n\t\t\t\t<div class=\"elementor-element elementor-element-34b48c2 elementor-align-center elementor-hidden-mobile elementor-widget__width-initial elementor-widget elementor-widget-button\" data-id=\"34b48c2\" data-element_type=\"widget\" data-e-type=\"widget\" data-widget_type=\"button.default\">\n\t\t\t\t<div class=\"elementor-widget-container\">\n\t\t\t\t\t\t\t\t\t<div class=\"elementor-button-wrapper\">\n\t\t\t\t\t<a class=\"elementor-button elementor-button-link elementor-size-sm\" href=\"https:\/\/versatilpublicidad.com\/vpvsite\/vpvsite\/contacto\/\">\n\t\t\t\t\t\t<span class=\"elementor-button-content-wrapper\">\n\t\t\t\t\t\t\t\t\t<span class=\"elementor-button-text\">\u00bfEmpezamos?<\/span>\n\t\t\t\t\t<\/span>\n\t\t\t\t\t<\/a>\n\t\t\t\t<\/div>\n\t\t\t\t\t\t\t\t<\/div>\n\t\t\t\t<\/div>\n\t\t\t\t<div class=\"elementor-element elementor-element-8bd0386 elementor-widget__width-initial elementor-widget elementor-widget-text-editor\" data-id=\"8bd0386\" data-element_type=\"widget\" data-e-type=\"widget\" data-widget_type=\"text-editor.default\">\n\t\t\t\t<div class=\"elementor-widget-container\">\n\t\t\t\t\t\t\t\t\t<p>Agenda ahora tu primer contacto y descubre c\u00f3mo simplificamos tu proyecto, haci\u00e9ndolo m\u00e1s f\u00e1cil y accesible. <br \/>Nuestro equipo de profesionales de \u00e9lite har\u00e1 destacar tu marca frente a la competencia.<\/p>\t\t\t\t\t\t\t\t<\/div>\n\t\t\t\t<\/div>\n\t\t\t\t\t<\/div>\n\t\t<\/div>\n\t\t\t\t<div class=\"elementor-column elementor-col-50 elementor-inner-column elementor-element elementor-element-32cdf31\" data-id=\"32cdf31\" data-element_type=\"column\" data-e-type=\"column\">\n\t\t\t<div class=\"elementor-widget-wrap\">\n\t\t\t\t\t\t\t<\/div>\n\t\t<\/div>\n\t\t\t\t\t<\/div>\n\t\t<\/section>\n\t\t\t\t\t<\/div>\n\t\t<\/div>\n\t\t\t\t\t<\/div>\n\t\t<\/section>\n\t\t\t\t<\/div>\n\t\t","protected":false},"excerpt":{"rendered":"<p>M\u00c9TODO Somos expertos en soluciones\u00a0integrales que abarcan desde el concepto, dise\u00f1o e ingenier\u00eda del producto. Con d\u00e9cadas de experiencia y una s\u00f3lida reputaci\u00f3n, estamos comprometidos a guiarte en cada etapa, creando productos que sean duraderos, funcionales y atractivos visualmente, al mismo tiempo que\u00a0integramos nuevas ideas y tecnolog\u00edas para mantenernos a la vanguardia de la industria&#8230;.<\/p>\n","protected":false},"author":1,"featured_media":0,"parent":0,"menu_order":0,"comment_status":"closed","ping_status":"closed","template":"elementor_header_footer","meta":{"footnotes":""},"class_list":["post-8866","page","type-page","status-publish","hentry"],"_links":{"self":[{"href":"https:\/\/versatilpublicidad.com\/vpvsite\/wp-json\/wp\/v2\/pages\/8866","targetHints":{"allow":["GET"]}}],"collection":[{"href":"https:\/\/versatilpublicidad.com\/vpvsite\/wp-json\/wp\/v2\/pages"}],"about":[{"href":"https:\/\/versatilpublicidad.com\/vpvsite\/wp-json\/wp\/v2\/types\/page"}],"author":[{"embeddable":true,"href":"https:\/\/versatilpublicidad.com\/vpvsite\/wp-json\/wp\/v2\/users\/1"}],"replies":[{"embeddable":true,"href":"https:\/\/versatilpublicidad.com\/vpvsite\/wp-json\/wp\/v2\/comments?post=8866"}],"version-history":[{"count":31,"href":"https:\/\/versatilpublicidad.com\/vpvsite\/wp-json\/wp\/v2\/pages\/8866\/revisions"}],"predecessor-version":[{"id":10047,"href":"https:\/\/versatilpublicidad.com\/vpvsite\/wp-json\/wp\/v2\/pages\/8866\/revisions\/10047"}],"wp:attachment":[{"href":"https:\/\/versatilpublicidad.com\/vpvsite\/wp-json\/wp\/v2\/media?parent=8866"}],"curies":[{"name":"wp","href":"https:\/\/api.w.org\/{rel}","templated":true}]}}